{"id":270,"date":"2025-01-27T15:34:34","date_gmt":"2025-01-27T15:34:34","guid":{"rendered":"https:\/\/demosites.io\/news-gb\/?page_id=44"},"modified":"2026-01-08T16:18:16","modified_gmt":"2026-01-08T15:18:16","slug":"info-y-noticias","status":"publish","type":"page","link":"https:\/\/protege.unq.edu.ar\/index.php\/info-y-noticias\/","title":{"rendered":"Noticias"},"content":{"rendered":"\n<section id=\"wp-block-themeisle-blocks-advanced-columns-cd72abc2\" class=\"wp-block-themeisle-blocks-advanced-columns alignfull has-1-columns has-desktop-equal-layout has-tablet-equal-layout has-mobile-equal-layout has-vertical-flex-start has-light-bg\"><div class=\"wp-block-themeisle-blocks-advanced-columns-overlay\"><\/div><div class=\"innerblocks-wrap\">\n<div id=\"wp-block-themeisle-blocks-advanced-column-db994772\" class=\"wp-block-themeisle-blocks-advanced-column\">\n<h1 id=\"wp-block-themeisle-blocks-advanced-heading-3fe9f830\" class=\"wp-block-themeisle-blocks-advanced-heading wp-block-themeisle-blocks-advanced-heading-3fe9f830\">Noticias<\/h1>\n<\/div>\n<\/div><\/section>\n\n\n\n<div style=\"height:100px\" aria-hidden=\"true\" class=\"wp-block-spacer\"><\/div>\n\n\n<div class=\"is-style-boxed wp-block-themeisle-blocks-posts-grid\" id=\"wp-block-themeisle-blocks-posts-grid-13d9f191\"><div class=\"is-grid o-posts-grid-columns-3\"><div class=\"o-posts-grid-post-blog o-posts-grid-post-plain\"><div class=\"o-posts-grid-post\"><div class=\"o-posts-grid-post-image\"><a href=\"https:\/\/protege.unq.edu.ar\/index.php\/2026\/04\/15\/nuevos-intentos-de-phishing-al-correo-unq\/\"><img loading=\"lazy\" decoding=\"async\" width=\"524\" height=\"197\" src=\"https:\/\/protege.unq.edu.ar\/wp-content\/uploads\/2026\/01\/Logo-Protege.png\" class=\"attachment-full size-full\" alt=\"Nuevos intentos de Phishing al correo UNQ\" srcset=\"https:\/\/protege.unq.edu.ar\/wp-content\/uploads\/2026\/01\/Logo-Protege.png 524w, https:\/\/protege.unq.edu.ar\/wp-content\/uploads\/2026\/01\/Logo-Protege-300x113.png 300w\" sizes=\"(max-width: 524px) 100vw, 524px\" \/><\/a><\/div><div class=\"o-posts-grid-post-body\"><span class=\"o-posts-grid-post-category\"><a href=\"https:\/\/protege.unq.edu.ar\/index.php\/category\/concientizacion\/\">Concientizaci\u00f3n<\/a><\/span><h4 class=\"o-posts-grid-post-title\"><a href=\"https:\/\/protege.unq.edu.ar\/index.php\/2026\/04\/15\/nuevos-intentos-de-phishing-al-correo-unq\/\">Nuevos intentos de Phishing al correo UNQ<\/a><\/h4><p class=\"o-posts-grid-post-meta\">Publicado el <time datetime=\"2026-04-15T15:16:25+02:00\">15 de abril de 2026<\/time> por <a href=\"https:\/\/protege.unq.edu.ar\/index.php\/author\/diego\/\">Diego Salagre<\/a><\/p><div class=\"o-posts-grid-post-description\"><p>En este tipo de correos, se utiliza un mensaje con el objetivo de inducir al usuario a hacer clic en\u2026<\/p><\/div><\/div><\/div><\/div><div class=\"o-posts-grid-post-blog o-posts-grid-post-plain\"><div class=\"o-posts-grid-post\"><div class=\"o-posts-grid-post-image\"><a href=\"https:\/\/protege.unq.edu.ar\/index.php\/2026\/02\/23\/cuanto-tardo-un-atacante-en-romper-una-contrasena-en-el-2025\/\"><img loading=\"lazy\" decoding=\"async\" width=\"2560\" height=\"1344\" src=\"https:\/\/protege.unq.edu.ar\/wp-content\/uploads\/2025\/01\/Hive-Systems-Password-Table-2025-Rectangular-scaled.png\" class=\"attachment-full size-full\" alt=\"\u00bfCu\u00e1nto tard\u00f3 un atacante en romper una contrase\u00f1a en el 2025?\" srcset=\"https:\/\/protege.unq.edu.ar\/wp-content\/uploads\/2025\/01\/Hive-Systems-Password-Table-2025-Rectangular-scaled.png 2560w, https:\/\/protege.unq.edu.ar\/wp-content\/uploads\/2025\/01\/Hive-Systems-Password-Table-2025-Rectangular-300x158.png 300w, https:\/\/protege.unq.edu.ar\/wp-content\/uploads\/2025\/01\/Hive-Systems-Password-Table-2025-Rectangular-1024x538.png 1024w, https:\/\/protege.unq.edu.ar\/wp-content\/uploads\/2025\/01\/Hive-Systems-Password-Table-2025-Rectangular-768x403.png 768w, https:\/\/protege.unq.edu.ar\/wp-content\/uploads\/2025\/01\/Hive-Systems-Password-Table-2025-Rectangular-1536x807.png 1536w, https:\/\/protege.unq.edu.ar\/wp-content\/uploads\/2025\/01\/Hive-Systems-Password-Table-2025-Rectangular-2048x1075.png 2048w\" sizes=\"(max-width: 2560px) 100vw, 2560px\" \/><\/a><\/div><div class=\"o-posts-grid-post-body\"><span class=\"o-posts-grid-post-category\"><a href=\"https:\/\/protege.unq.edu.ar\/index.php\/category\/concientizacion\/\">Concientizaci\u00f3n<\/a><\/span><h4 class=\"o-posts-grid-post-title\"><a href=\"https:\/\/protege.unq.edu.ar\/index.php\/2026\/02\/23\/cuanto-tardo-un-atacante-en-romper-una-contrasena-en-el-2025\/\">\u00bfCu\u00e1nto tard\u00f3 un atacante en romper una contrase\u00f1a en el 2025?<\/a><\/h4><p class=\"o-posts-grid-post-meta\">Publicado el <time datetime=\"2026-02-23T18:25:57+01:00\">23 de febrero de 2026<\/time> por <a href=\"https:\/\/protege.unq.edu.ar\/index.php\/author\/diego\/\">Diego Salagre<\/a><\/p><div class=\"o-posts-grid-post-description\"><p>Este informe visual elaborado por Hive Systems,  muestra cu\u00e1nto tiempo podr\u00eda tardar un atacante en \u2026<\/p><\/div><\/div><\/div><\/div><div class=\"o-posts-grid-post-blog o-posts-grid-post-plain\"><div class=\"o-posts-grid-post\"><div class=\"o-posts-grid-post-image\"><a href=\"https:\/\/protege.unq.edu.ar\/index.php\/2026\/01\/10\/estimads-usuaris\/\"><img loading=\"lazy\" decoding=\"async\" width=\"1216\" height=\"683\" src=\"https:\/\/protege.unq.edu.ar\/wp-content\/uploads\/2025\/01\/correo-conanzuelo.png\" class=\"attachment-full size-full\" alt=\"Estimad@s usuari@s&#8230;\" srcset=\"https:\/\/protege.unq.edu.ar\/wp-content\/uploads\/2025\/01\/correo-conanzuelo.png 1216w, https:\/\/protege.unq.edu.ar\/wp-content\/uploads\/2025\/01\/correo-conanzuelo-300x169.png 300w, https:\/\/protege.unq.edu.ar\/wp-content\/uploads\/2025\/01\/correo-conanzuelo-1024x575.png 1024w, https:\/\/protege.unq.edu.ar\/wp-content\/uploads\/2025\/01\/correo-conanzuelo-768x431.png 768w\" sizes=\"(max-width: 1216px) 100vw, 1216px\" \/><\/a><\/div><div class=\"o-posts-grid-post-body\"><span class=\"o-posts-grid-post-category\"><a href=\"https:\/\/protege.unq.edu.ar\/index.php\/category\/concientizacion\/\">Concientizaci\u00f3n<\/a><\/span><h4 class=\"o-posts-grid-post-title\"><a href=\"https:\/\/protege.unq.edu.ar\/index.php\/2026\/01\/10\/estimads-usuaris\/\">Estimad@s usuari@s&#8230;<\/a><\/h4><p class=\"o-posts-grid-post-meta\">Publicado el <time datetime=\"2026-01-10T15:33:00+01:00\">10 de enero de 2026<\/time> por <a href=\"https:\/\/protege.unq.edu.ar\/index.php\/author\/diego\/\">Diego Salagre<\/a><\/p><div class=\"o-posts-grid-post-description\"><p>Recientemente, hemos detectado un aumento en la cantidad de correos electr\u00f3nicos fraudulentos que es\u2026<\/p><\/div><\/div><\/div><\/div><div class=\"o-posts-grid-post-blog o-posts-grid-post-plain\"><div class=\"o-posts-grid-post\"><div class=\"o-posts-grid-post-image\"><a href=\"https:\/\/protege.unq.edu.ar\/index.php\/2026\/01\/10\/atencion-a-correos-sospechosos\/\"><img loading=\"lazy\" decoding=\"async\" width=\"497\" height=\"279\" src=\"https:\/\/protege.unq.edu.ar\/wp-content\/uploads\/2025\/01\/alertaphishing-e1767788751640.png\" class=\"attachment-full size-full\" alt=\"Atenci\u00f3n a correos sospechosos&#8230;\" srcset=\"https:\/\/protege.unq.edu.ar\/wp-content\/uploads\/2025\/01\/alertaphishing-e1767788751640.png 497w, https:\/\/protege.unq.edu.ar\/wp-content\/uploads\/2025\/01\/alertaphishing-e1767788751640-300x168.png 300w\" sizes=\"(max-width: 497px) 100vw, 497px\" \/><\/a><\/div><div class=\"o-posts-grid-post-body\"><span class=\"o-posts-grid-post-category\"><a href=\"https:\/\/protege.unq.edu.ar\/index.php\/category\/concientizacion\/\">Concientizaci\u00f3n<\/a><\/span><h4 class=\"o-posts-grid-post-title\"><a href=\"https:\/\/protege.unq.edu.ar\/index.php\/2026\/01\/10\/atencion-a-correos-sospechosos\/\">Atenci\u00f3n a correos sospechosos&#8230;<\/a><\/h4><p class=\"o-posts-grid-post-meta\">Publicado el <time datetime=\"2026-01-10T15:31:00+01:00\">10 de enero de 2026<\/time> por <a href=\"https:\/\/protege.unq.edu.ar\/index.php\/author\/diego\/\">Diego Salagre<\/a><\/p><div class=\"o-posts-grid-post-description\"><p>Los correos de tipo phishing se tratan de un intento com\u00fan y conocido de enga\u00f1o, donde se utiliza un\u2026<\/p><\/div><\/div><\/div><\/div><div class=\"o-posts-grid-post-blog o-posts-grid-post-plain\"><div class=\"o-posts-grid-post\"><div class=\"o-posts-grid-post-image\"><a href=\"https:\/\/protege.unq.edu.ar\/index.php\/2026\/01\/10\/inteligencia-artificial-y-ciberseguridad\/\"><img loading=\"lazy\" decoding=\"async\" width=\"441\" height=\"228\" src=\"https:\/\/protege.unq.edu.ar\/wp-content\/uploads\/2025\/01\/IA-y-ciberseguridad-e1767788792119.png\" class=\"attachment-full size-full\" alt=\"Inteligencia Artificial y Ciberseguridad&#8230;\" srcset=\"https:\/\/protege.unq.edu.ar\/wp-content\/uploads\/2025\/01\/IA-y-ciberseguridad-e1767788792119.png 441w, https:\/\/protege.unq.edu.ar\/wp-content\/uploads\/2025\/01\/IA-y-ciberseguridad-e1767788792119-300x155.png 300w\" sizes=\"(max-width: 441px) 100vw, 441px\" \/><\/a><\/div><div class=\"o-posts-grid-post-body\"><span class=\"o-posts-grid-post-category\"><a href=\"https:\/\/protege.unq.edu.ar\/index.php\/category\/technology\/\">Technology<\/a><\/span><h4 class=\"o-posts-grid-post-title\"><a href=\"https:\/\/protege.unq.edu.ar\/index.php\/2026\/01\/10\/inteligencia-artificial-y-ciberseguridad\/\">Inteligencia Artificial y Ciberseguridad&#8230;<\/a><\/h4><p class=\"o-posts-grid-post-meta\">Publicado el <time datetime=\"2026-01-10T15:28:00+01:00\">10 de enero de 2026<\/time> por <a href=\"https:\/\/protege.unq.edu.ar\/index.php\/author\/diego\/\">Diego Salagre<\/a><\/p><div class=\"o-posts-grid-post-description\"><p>La llegada de ChatGPT y otras inteligencias artificiales (IA) tienen como objetivo principal ayudar \u2026<\/p><\/div><\/div><\/div><\/div><div class=\"o-posts-grid-post-blog o-posts-grid-post-plain\"><div class=\"o-posts-grid-post\"><div class=\"o-posts-grid-post-image\"><a href=\"https:\/\/protege.unq.edu.ar\/index.php\/2026\/01\/10\/ciberataque-a-la-uba\/\"><img loading=\"lazy\" decoding=\"async\" width=\"383\" height=\"196\" src=\"https:\/\/protege.unq.edu.ar\/wp-content\/uploads\/2025\/01\/universidades-publicas.png\" class=\"attachment-full size-full\" alt=\"Ciberataque a la UBA.\" srcset=\"https:\/\/protege.unq.edu.ar\/wp-content\/uploads\/2025\/01\/universidades-publicas.png 383w, https:\/\/protege.unq.edu.ar\/wp-content\/uploads\/2025\/01\/universidades-publicas-300x154.png 300w\" sizes=\"(max-width: 383px) 100vw, 383px\" \/><\/a><\/div><div class=\"o-posts-grid-post-body\"><span class=\"o-posts-grid-post-category\"><a href=\"https:\/\/protege.unq.edu.ar\/index.php\/category\/technology\/\">Technology<\/a><\/span><h4 class=\"o-posts-grid-post-title\"><a href=\"https:\/\/protege.unq.edu.ar\/index.php\/2026\/01\/10\/ciberataque-a-la-uba\/\">Ciberataque a la UBA.<\/a><\/h4><p class=\"o-posts-grid-post-meta\">Publicado el <time datetime=\"2026-01-10T15:26:00+01:00\">10 de enero de 2026<\/time> por <a href=\"https:\/\/protege.unq.edu.ar\/index.php\/author\/diego\/\">Diego Salagre<\/a><\/p><div class=\"o-posts-grid-post-description\"><p>En diciembre de 2023, la Universidad de Buenos Aires sufri\u00f3 el ciberataque de un virus Ransomware el\u2026<\/p><\/div><\/div><\/div><\/div><\/div> <\/div>\n\n\n<div style=\"height:100px\" aria-hidden=\"true\" class=\"wp-block-spacer\"><\/div>\n\n\n\n<p><\/p>\n","protected":false},"excerpt":{"rendered":"","protected":false},"author":2,"featured_media":0,"parent":0,"menu_order":0,"comment_status":"closed","ping_status":"closed","template":"","meta":{"neve_meta_sidebar":"","neve_meta_container":"default","neve_meta_enable_content_width":"off","neve_meta_content_width":70,"neve_meta_title_alignment":"left","neve_meta_author_avatar":"","neve_post_elements_order":"","neve_meta_disable_header":"","neve_meta_disable_footer":"","neve_meta_disable_title":"on","_themeisle_gutenberg_block_has_review":false,"footnotes":""},"class_list":["post-270","page","type-page","status-publish","hentry"],"_links":{"self":[{"href":"https:\/\/protege.unq.edu.ar\/index.php\/wp-json\/wp\/v2\/pages\/270","targetHints":{"allow":["GET"]}}],"collection":[{"href":"https:\/\/protege.unq.edu.ar\/index.php\/wp-json\/wp\/v2\/pages"}],"about":[{"href":"https:\/\/protege.unq.edu.ar\/index.php\/wp-json\/wp\/v2\/types\/page"}],"author":[{"embeddable":true,"href":"https:\/\/protege.unq.edu.ar\/index.php\/wp-json\/wp\/v2\/users\/2"}],"replies":[{"embeddable":true,"href":"https:\/\/protege.unq.edu.ar\/index.php\/wp-json\/wp\/v2\/comments?post=270"}],"version-history":[{"count":21,"href":"https:\/\/protege.unq.edu.ar\/index.php\/wp-json\/wp\/v2\/pages\/270\/revisions"}],"predecessor-version":[{"id":541,"href":"https:\/\/protege.unq.edu.ar\/index.php\/wp-json\/wp\/v2\/pages\/270\/revisions\/541"}],"wp:attachment":[{"href":"https:\/\/protege.unq.edu.ar\/index.php\/wp-json\/wp\/v2\/media?parent=270"}],"curies":[{"name":"wp","href":"https:\/\/api.w.org\/{rel}","templated":true}]}}